{"id":1546,"date":"2022-02-05T11:11:12","date_gmt":"2022-02-05T11:11:12","guid":{"rendered":"http:\/\/maktabijewellery.com\/cart-2\/"},"modified":"2022-10-15T12:58:53","modified_gmt":"2022-10-15T12:58:53","slug":"cart-2","status":"publish","type":"page","link":"https:\/\/maktabijewellery.com\/tr\/cart-2\/","title":{"rendered":"Araba"},"content":{"rendered":"\t\t<div data-elementor-type=\"wp-page\" data-elementor-id=\"1546\" class=\"elementor elementor-1546 elementor-8\">\n\t\t\t\t\t\t\t\t\t<section class=\"elementor-section elementor-top-section elementor-element elementor-element-39be7d1 elementor-section-full_width elementor-section-height-min-height elementor-section-stretched elementor-section-height-default elementor-section-items-middle\" data-id=\"39be7d1\" data-element_type=\"section\" data-settings=\"{&quot;background_background&quot;:&quot;classic&quot;,&quot;stretch_section&quot;:&quot;section-stretched&quot;}\">\n\t\t\t\t\t\t<div class=\"elementor-container elementor-column-gap-default\">\n\t\t\t\t\t<div class=\"elementor-column elementor-col-100 elementor-top-column elementor-element elementor-element-e59a8b4\" data-id=\"e59a8b4\" data-element_type=\"column\">\n\t\t\t<div class=\"elementor-widget-wrap elementor-element-populated\">\n\t\t\t\t\t\t\t\t<div class=\"elementor-element elementor-element-d75d374 elementor-widget elementor-widget-image\" data-id=\"d75d374\" data-element_type=\"widget\" data-widget_type=\"image.default\">\n\t\t\t\t<div class=\"elementor-widget-container\">\n\t\t\t<style>\/*! elementor - v3.6.0 - 21-03-2022 *\/\n.elementor-widget-image{text-align:center}.elementor-widget-image a{display:inline-block}.elementor-widget-image a img[src$=\".svg\"]{width:48px}.elementor-widget-image img{vertical-align:middle;display:inline-block}<\/style>\t\t\t\t\t\t\t\t\t\t\t\t<img loading=\"lazy\" decoding=\"async\" width=\"138\" height=\"25\" src=\"https:\/\/maktabijewellery.com\/wp-content\/uploads\/2022\/04\/maktabi-border.png\" class=\"attachment-full size-full\" alt=\"\" \/>\t\t\t\t\t\t\t\t\t\t\t\t\t\t\t<\/div>\n\t\t\t\t<\/div>\n\t\t\t\t\t<\/div>\n\t\t<\/div>\n\t\t\t\t\t\t\t<\/div>\n\t\t<\/section>\n\t\t\t\t<section class=\"elementor-section elementor-top-section elementor-element elementor-element-2063391 elementor-section-boxed elementor-section-height-default elementor-section-height-default\" data-id=\"2063391\" data-element_type=\"section\">\n\t\t\t\t\t\t<div class=\"elementor-container elementor-column-gap-default\">\n\t\t\t\t\t<div class=\"elementor-column elementor-col-100 elementor-top-column elementor-element elementor-element-473641f5\" data-id=\"473641f5\" data-element_type=\"column\">\n\t\t\t<div class=\"elementor-widget-wrap elementor-element-populated\">\n\t\t\t\t\t\t\t\t\t<\/div>\n\t\t<\/div>\n\t\t\t\t\t\t\t<\/div>\n\t\t<\/section>\n\t\t\t\t\t\t\t<\/div>\n\t\t","protected":false},"excerpt":{"rendered":"<p>&nbsp; &nbsp; \u00dcr\u00fcn Fiyat Miktar Ara Toplam &times; Bilezik 1 &#36;390,00 Bilezik 1 adet &#36;390,00 &times; Bilezik 4 &#36;0,00 Bilezik 4 adet &#36;0,00 &times; Y\u00fcz\u00fck 13 &#36;0,00 Y\u00fcz\u00fck 13 adet &#36;0,00 Sepet Toplamlar\u0131 Ara Toplam &#36;390,00 Toplam &#36;390,00 Proceed To Submit Your Quote<\/p>\n","protected":false},"author":1,"featured_media":0,"parent":0,"menu_order":0,"comment_status":"closed","ping_status":"closed","template":"elementor_header_footer","meta":{"site-sidebar-layout":"default","site-content-layout":"default","ast-main-header-display":"","ast-hfb-above-header-display":"","ast-hfb-below-header-display":"","ast-hfb-mobile-header-display":"","site-post-title":"","ast-breadcrumbs-content":"","ast-featured-img":"","footer-sml-layout":"","theme-transparent-header-meta":"","adv-header-id-meta":"","stick-header-meta":"","header-above-stick-meta":"","header-main-stick-meta":"","header-below-stick-meta":"","footnotes":""},"class_list":["post-1546","page","type-page","status-publish","hentry"],"yoast_head":"<!-- This site is optimized with the Yoast SEO plugin v18.4.1 - https:\/\/yoast.com\/wordpress\/plugins\/seo\/ -->\n<title>Araba - Maktabi<\/title>\n<meta name=\"robots\" content=\"index, follow, max-snippet:-1, max-image-preview:large, max-video-preview:-1\" \/>\n<link rel=\"canonical\" href=\"https:\/\/maktabijewellery.com\/tr\/cart-2\/\" \/>\n<meta property=\"og:locale\" content=\"tr_TR\" \/>\n<meta property=\"og:type\" content=\"article\" \/>\n<meta property=\"og:title\" content=\"Araba - Maktabi\" \/>\n<meta property=\"og:description\" content=\"&nbsp; &nbsp; \u00dcr\u00fcn Fiyat Miktar Ara Toplam &times; Bilezik 1 &#036;390,00 Bilezik 1 adet &#036;390,00 &times; Bilezik 4 &#036;0,00 Bilezik 4 adet &#036;0,00 &times; Y\u00fcz\u00fck 13 &#036;0,00 Y\u00fcz\u00fck 13 adet &#036;0,00 Sepet Toplamlar\u0131 Ara Toplam &#036;390,00 Toplam &#036;390,00 Proceed To Submit Your Quote\" \/>\n<meta property=\"og:url\" content=\"https:\/\/maktabijewellery.com\/tr\/cart-2\/\" \/>\n<meta property=\"og:site_name\" content=\"Maktabi\" \/>\n<meta property=\"article:modified_time\" content=\"2022-10-15T12:58:53+00:00\" \/>\n<meta property=\"og:image\" content=\"http:\/\/maktabijewellery.com\/wp-content\/uploads\/2022\/04\/maktabi-border.png\" \/>\n<meta name=\"twitter:card\" content=\"summary_large_image\" \/>\n<meta name=\"twitter:label1\" content=\"Tahmini okuma s\u00fcresi\" \/>\n\t<meta name=\"twitter:data1\" content=\"2 dakika\" \/>\n<script type=\"application\/ld+json\" class=\"yoast-schema-graph\">{\"@context\":\"https:\/\/schema.org\",\"@graph\":[{\"@type\":\"WebSite\",\"@id\":\"https:\/\/maktabijewellery.com\/tr\/#website\",\"url\":\"https:\/\/maktabijewellery.com\/tr\/\",\"name\":\"Maktabi\",\"description\":\"Trendy jewelry collections\",\"potentialAction\":[{\"@type\":\"SearchAction\",\"target\":{\"@type\":\"EntryPoint\",\"urlTemplate\":\"https:\/\/maktabijewellery.com\/tr\/?s={search_term_string}\"},\"query-input\":\"required name=search_term_string\"}],\"inLanguage\":\"tr\"},{\"@type\":\"ImageObject\",\"@id\":\"https:\/\/maktabijewellery.com\/tr\/cart-2\/#primaryimage\",\"inLanguage\":\"tr\",\"url\":\"http:\/\/maktabijewellery.com\/wp-content\/uploads\/2022\/04\/maktabi-border.png\",\"contentUrl\":\"http:\/\/maktabijewellery.com\/wp-content\/uploads\/2022\/04\/maktabi-border.png\"},{\"@type\":\"WebPage\",\"@id\":\"https:\/\/maktabijewellery.com\/tr\/cart-2\/#webpage\",\"url\":\"https:\/\/maktabijewellery.com\/tr\/cart-2\/\",\"name\":\"Araba - Maktabi\",\"isPartOf\":{\"@id\":\"https:\/\/maktabijewellery.com\/tr\/#website\"},\"primaryImageOfPage\":{\"@id\":\"https:\/\/maktabijewellery.com\/tr\/cart-2\/#primaryimage\"},\"datePublished\":\"2022-02-05T11:11:12+00:00\",\"dateModified\":\"2022-10-15T12:58:53+00:00\",\"breadcrumb\":{\"@id\":\"https:\/\/maktabijewellery.com\/tr\/cart-2\/#breadcrumb\"},\"inLanguage\":\"tr\",\"potentialAction\":[{\"@type\":\"ReadAction\",\"target\":[\"https:\/\/maktabijewellery.com\/tr\/cart-2\/\"]}]},{\"@type\":\"BreadcrumbList\",\"@id\":\"https:\/\/maktabijewellery.com\/tr\/cart-2\/#breadcrumb\",\"itemListElement\":[{\"@type\":\"ListItem\",\"position\":1,\"name\":\"Home\",\"item\":\"https:\/\/maktabijewellery.com\/tr\/\"},{\"@type\":\"ListItem\",\"position\":2,\"name\":\"Araba\"}]}]}<\/script>\n<!-- \/ Yoast SEO plugin. -->","yoast_head_json":{"title":"Araba - Maktabi","robots":{"index":"index","follow":"follow","max-snippet":"max-snippet:-1","max-image-preview":"max-image-preview:large","max-video-preview":"max-video-preview:-1"},"canonical":"https:\/\/maktabijewellery.com\/tr\/cart-2\/","og_locale":"tr_TR","og_type":"article","og_title":"Araba - Maktabi","og_description":"&nbsp; &nbsp; \u00dcr\u00fcn Fiyat Miktar Ara Toplam &times; Bilezik 1 &#36;390,00 Bilezik 1 adet &#36;390,00 &times; Bilezik 4 &#36;0,00 Bilezik 4 adet &#36;0,00 &times; Y\u00fcz\u00fck 13 &#36;0,00 Y\u00fcz\u00fck 13 adet &#36;0,00 Sepet Toplamlar\u0131 Ara Toplam &#36;390,00 Toplam &#36;390,00 Proceed To Submit Your Quote","og_url":"https:\/\/maktabijewellery.com\/tr\/cart-2\/","og_site_name":"Maktabi","article_modified_time":"2022-10-15T12:58:53+00:00","og_image":[{"url":"http:\/\/maktabijewellery.com\/wp-content\/uploads\/2022\/04\/maktabi-border.png"}],"twitter_card":"summary_large_image","twitter_misc":{"Tahmini okuma s\u00fcresi":"2 dakika"},"schema":{"@context":"https:\/\/schema.org","@graph":[{"@type":"WebSite","@id":"https:\/\/maktabijewellery.com\/tr\/#website","url":"https:\/\/maktabijewellery.com\/tr\/","name":"Maktabi","description":"Trendy jewelry collections","potentialAction":[{"@type":"SearchAction","target":{"@type":"EntryPoint","urlTemplate":"https:\/\/maktabijewellery.com\/tr\/?s={search_term_string}"},"query-input":"required name=search_term_string"}],"inLanguage":"tr"},{"@type":"ImageObject","@id":"https:\/\/maktabijewellery.com\/tr\/cart-2\/#primaryimage","inLanguage":"tr","url":"http:\/\/maktabijewellery.com\/wp-content\/uploads\/2022\/04\/maktabi-border.png","contentUrl":"http:\/\/maktabijewellery.com\/wp-content\/uploads\/2022\/04\/maktabi-border.png"},{"@type":"WebPage","@id":"https:\/\/maktabijewellery.com\/tr\/cart-2\/#webpage","url":"https:\/\/maktabijewellery.com\/tr\/cart-2\/","name":"Araba - Maktabi","isPartOf":{"@id":"https:\/\/maktabijewellery.com\/tr\/#website"},"primaryImageOfPage":{"@id":"https:\/\/maktabijewellery.com\/tr\/cart-2\/#primaryimage"},"datePublished":"2022-02-05T11:11:12+00:00","dateModified":"2022-10-15T12:58:53+00:00","breadcrumb":{"@id":"https:\/\/maktabijewellery.com\/tr\/cart-2\/#breadcrumb"},"inLanguage":"tr","potentialAction":[{"@type":"ReadAction","target":["https:\/\/maktabijewellery.com\/tr\/cart-2\/"]}]},{"@type":"BreadcrumbList","@id":"https:\/\/maktabijewellery.com\/tr\/cart-2\/#breadcrumb","itemListElement":[{"@type":"ListItem","position":1,"name":"Home","item":"https:\/\/maktabijewellery.com\/tr\/"},{"@type":"ListItem","position":2,"name":"Araba"}]}]}},"_links":{"self":[{"href":"https:\/\/maktabijewellery.com\/tr\/wp-json\/wp\/v2\/pages\/1546","targetHints":{"allow":["GET"]}}],"collection":[{"href":"https:\/\/maktabijewellery.com\/tr\/wp-json\/wp\/v2\/pages"}],"about":[{"href":"https:\/\/maktabijewellery.com\/tr\/wp-json\/wp\/v2\/types\/page"}],"author":[{"embeddable":true,"href":"https:\/\/maktabijewellery.com\/tr\/wp-json\/wp\/v2\/users\/1"}],"replies":[{"embeddable":true,"href":"https:\/\/maktabijewellery.com\/tr\/wp-json\/wp\/v2\/comments?post=1546"}],"version-history":[{"count":0,"href":"https:\/\/maktabijewellery.com\/tr\/wp-json\/wp\/v2\/pages\/1546\/revisions"}],"wp:attachment":[{"href":"https:\/\/maktabijewellery.com\/tr\/wp-json\/wp\/v2\/media?parent=1546"}],"curies":[{"name":"wp","href":"https:\/\/api.w.org\/{rel}","templated":true}]}}