{"id":1662,"date":"2022-02-12T12:09:16","date_gmt":"2022-02-12T12:09:16","guid":{"rendered":"http:\/\/maktabijewellery.com\/product\/kupe-6\/"},"modified":"2022-02-12T12:09:16","modified_gmt":"2022-02-12T12:09:16","slug":"kupe6","status":"publish","type":"product","link":"https:\/\/maktabijewellery.com\/tr\/urun\/kupe6\/","title":{"rendered":"K\u00fcpe 6"},"content":{"rendered":"","protected":false},"excerpt":{"rendered":"","protected":false},"featured_media":483,"comment_status":"open","ping_status":"closed","template":"","meta":{"site-sidebar-layout":"default","site-content-layout":"default","ast-main-header-display":"","ast-hfb-above-header-display":"","ast-hfb-below-header-display":"","ast-hfb-mobile-header-display":"","site-post-title":"","ast-breadcrumbs-content":"","ast-featured-img":"","footer-sml-layout":"","theme-transparent-header-meta":"default","adv-header-id-meta":"","stick-header-meta":"","header-above-stick-meta":"","header-main-stick-meta":"","header-below-stick-meta":""},"product_cat":[48],"product_tag":[],"class_list":["post-1662","product","type-product","status-publish","has-post-thumbnail","hentry","product_cat-kupeler-tr"],"yoast_head":"<!-- This site is optimized with the Yoast SEO plugin v18.4.1 - https:\/\/yoast.com\/wordpress\/plugins\/seo\/ -->\n<title>K\u00fcpe 6 - Maktabi<\/title>\n<meta name=\"robots\" content=\"index, follow, max-snippet:-1, max-image-preview:large, max-video-preview:-1\" \/>\n<link rel=\"canonical\" href=\"https:\/\/maktabijewellery.com\/tr\/urun\/kupe6\/\" \/>\n<meta property=\"og:locale\" content=\"tr_TR\" \/>\n<meta property=\"og:type\" content=\"article\" \/>\n<meta property=\"og:title\" content=\"K\u00fcpe 6 - Maktabi\" \/>\n<meta property=\"og:url\" content=\"https:\/\/maktabijewellery.com\/tr\/urun\/kupe6\/\" \/>\n<meta property=\"og:site_name\" content=\"Maktabi\" \/>\n<meta property=\"og:image\" content=\"https:\/\/maktabijewellery.com\/wp-content\/uploads\/2022\/02\/kupe6.jpg\" \/>\n\t<meta property=\"og:image:width\" content=\"600\" \/>\n\t<meta property=\"og:image:height\" content=\"600\" \/>\n\t<meta property=\"og:image:type\" content=\"image\/jpeg\" \/>\n<meta name=\"twitter:card\" content=\"summary_large_image\" \/>\n<script type=\"application\/ld+json\" class=\"yoast-schema-graph\">{\"@context\":\"https:\/\/schema.org\",\"@graph\":[{\"@type\":\"WebSite\",\"@id\":\"https:\/\/maktabijewellery.com\/tr\/#website\",\"url\":\"https:\/\/maktabijewellery.com\/tr\/\",\"name\":\"Maktabi\",\"description\":\"Trendy jewelry collections\",\"potentialAction\":[{\"@type\":\"SearchAction\",\"target\":{\"@type\":\"EntryPoint\",\"urlTemplate\":\"https:\/\/maktabijewellery.com\/tr\/?s={search_term_string}\"},\"query-input\":\"required name=search_term_string\"}],\"inLanguage\":\"tr\"},{\"@type\":\"ImageObject\",\"@id\":\"https:\/\/maktabijewellery.com\/tr\/urun\/kupe6\/#primaryimage\",\"inLanguage\":\"tr\",\"url\":\"https:\/\/maktabijewellery.com\/wp-content\/uploads\/2022\/02\/kupe6.jpg\",\"contentUrl\":\"https:\/\/maktabijewellery.com\/wp-content\/uploads\/2022\/02\/kupe6.jpg\",\"width\":600,\"height\":600},{\"@type\":\"WebPage\",\"@id\":\"https:\/\/maktabijewellery.com\/tr\/urun\/kupe6\/#webpage\",\"url\":\"https:\/\/maktabijewellery.com\/tr\/urun\/kupe6\/\",\"name\":\"K\u00fcpe 6 - Maktabi\",\"isPartOf\":{\"@id\":\"https:\/\/maktabijewellery.com\/tr\/#website\"},\"primaryImageOfPage\":{\"@id\":\"https:\/\/maktabijewellery.com\/tr\/urun\/kupe6\/#primaryimage\"},\"datePublished\":\"2022-02-12T12:09:16+00:00\",\"dateModified\":\"2022-02-12T12:09:16+00:00\",\"breadcrumb\":{\"@id\":\"https:\/\/maktabijewellery.com\/tr\/urun\/kupe6\/#breadcrumb\"},\"inLanguage\":\"tr\",\"potentialAction\":[{\"@type\":\"ReadAction\",\"target\":[\"https:\/\/maktabijewellery.com\/tr\/urun\/kupe6\/\"]}]},{\"@type\":\"BreadcrumbList\",\"@id\":\"https:\/\/maktabijewellery.com\/tr\/urun\/kupe6\/#breadcrumb\",\"itemListElement\":[{\"@type\":\"ListItem\",\"position\":1,\"name\":\"Home\",\"item\":\"https:\/\/maktabijewellery.com\/tr\/\"},{\"@type\":\"ListItem\",\"position\":2,\"name\":\"Bizim \u00fcr\u00fcn\u00fcm\u00fcz\",\"item\":\"https:\/\/maktabijewellery.com\/tr\/bizim-urunumuz\/\"},{\"@type\":\"ListItem\",\"position\":3,\"name\":\"K\u00fcpe 6\"}]}]}<\/script>\n<!-- \/ Yoast SEO plugin. -->","yoast_head_json":{"title":"K\u00fcpe 6 - Maktabi","robots":{"index":"index","follow":"follow","max-snippet":"max-snippet:-1","max-image-preview":"max-image-preview:large","max-video-preview":"max-video-preview:-1"},"canonical":"https:\/\/maktabijewellery.com\/tr\/urun\/kupe6\/","og_locale":"tr_TR","og_type":"article","og_title":"K\u00fcpe 6 - Maktabi","og_url":"https:\/\/maktabijewellery.com\/tr\/urun\/kupe6\/","og_site_name":"Maktabi","og_image":[{"width":600,"height":600,"url":"https:\/\/maktabijewellery.com\/wp-content\/uploads\/2022\/02\/kupe6.jpg","type":"image\/jpeg"}],"twitter_card":"summary_large_image","schema":{"@context":"https:\/\/schema.org","@graph":[{"@type":"WebSite","@id":"https:\/\/maktabijewellery.com\/tr\/#website","url":"https:\/\/maktabijewellery.com\/tr\/","name":"Maktabi","description":"Trendy jewelry collections","potentialAction":[{"@type":"SearchAction","target":{"@type":"EntryPoint","urlTemplate":"https:\/\/maktabijewellery.com\/tr\/?s={search_term_string}"},"query-input":"required name=search_term_string"}],"inLanguage":"tr"},{"@type":"ImageObject","@id":"https:\/\/maktabijewellery.com\/tr\/urun\/kupe6\/#primaryimage","inLanguage":"tr","url":"https:\/\/maktabijewellery.com\/wp-content\/uploads\/2022\/02\/kupe6.jpg","contentUrl":"https:\/\/maktabijewellery.com\/wp-content\/uploads\/2022\/02\/kupe6.jpg","width":600,"height":600},{"@type":"WebPage","@id":"https:\/\/maktabijewellery.com\/tr\/urun\/kupe6\/#webpage","url":"https:\/\/maktabijewellery.com\/tr\/urun\/kupe6\/","name":"K\u00fcpe 6 - Maktabi","isPartOf":{"@id":"https:\/\/maktabijewellery.com\/tr\/#website"},"primaryImageOfPage":{"@id":"https:\/\/maktabijewellery.com\/tr\/urun\/kupe6\/#primaryimage"},"datePublished":"2022-02-12T12:09:16+00:00","dateModified":"2022-02-12T12:09:16+00:00","breadcrumb":{"@id":"https:\/\/maktabijewellery.com\/tr\/urun\/kupe6\/#breadcrumb"},"inLanguage":"tr","potentialAction":[{"@type":"ReadAction","target":["https:\/\/maktabijewellery.com\/tr\/urun\/kupe6\/"]}]},{"@type":"BreadcrumbList","@id":"https:\/\/maktabijewellery.com\/tr\/urun\/kupe6\/#breadcrumb","itemListElement":[{"@type":"ListItem","position":1,"name":"Home","item":"https:\/\/maktabijewellery.com\/tr\/"},{"@type":"ListItem","position":2,"name":"Bizim \u00fcr\u00fcn\u00fcm\u00fcz","item":"https:\/\/maktabijewellery.com\/tr\/bizim-urunumuz\/"},{"@type":"ListItem","position":3,"name":"K\u00fcpe 6"}]}]}},"_links":{"self":[{"href":"https:\/\/maktabijewellery.com\/tr\/wp-json\/wp\/v2\/product\/1662","targetHints":{"allow":["GET"]}}],"collection":[{"href":"https:\/\/maktabijewellery.com\/tr\/wp-json\/wp\/v2\/product"}],"about":[{"href":"https:\/\/maktabijewellery.com\/tr\/wp-json\/wp\/v2\/types\/product"}],"replies":[{"embeddable":true,"href":"https:\/\/maktabijewellery.com\/tr\/wp-json\/wp\/v2\/comments?post=1662"}],"wp:featuredmedia":[{"embeddable":true,"href":"https:\/\/maktabijewellery.com\/tr\/wp-json\/wp\/v2\/media\/483"}],"wp:attachment":[{"href":"https:\/\/maktabijewellery.com\/tr\/wp-json\/wp\/v2\/media?parent=1662"}],"wp:term":[{"taxonomy":"product_cat","embeddable":true,"href":"https:\/\/maktabijewellery.com\/tr\/wp-json\/wp\/v2\/product_cat?post=1662"},{"taxonomy":"product_tag","embeddable":true,"href":"https:\/\/maktabijewellery.com\/tr\/wp-json\/wp\/v2\/product_tag?post=1662"}],"curies":[{"name":"wp","href":"https:\/\/api.w.org\/{rel}","templated":true}]}}